{"id":2899,"date":"2021-03-18T10:57:56","date_gmt":"2021-03-18T09:57:56","guid":{"rendered":"http:\/\/test.consorciobomberoscastellon.es\/formularios\/"},"modified":"2025-05-27T11:50:13","modified_gmt":"2025-05-27T10:50:13","slug":"formularios","status":"publish","type":"page","link":"https:\/\/bombersdipcas.es\/val\/formularios\/","title":{"rendered":"Formularis"},"content":{"rendered":"<p>[vc_row full_width=&#8221;stretch_row_content_no_spaces&#8221;][vc_column][vc_single_image image=&#8221;2754&#8243; img_size=&#8221;full&#8221; alignment=&#8221;center&#8221;][\/vc_column][\/vc_row][vc_row inverse=&#8221;&#8221; css=&#8221;.vc_custom_1616065015067{margin-top: 50px !important;margin-bottom: 50px !important;}&#8221;][vc_column width=&#8221;1\/2&#8243;][vc_column_text css=&#8221;.vc_custom_1652353106572{padding-top: 20px !important;padding-bottom: 20px !important;}&#8221;]<\/p>\n<h4>Inst\u00e0ncia Prestacions Socials<\/h4>\n<p>[\/vc_column_text]<a href=\"https:\/\/bombersdipcas.es\/wp-content\/uploads\/2022\/05\/Instancia-Prestaciones-Sociales.pdf\" target=\"_blank\" class=\"sc_button sc_button_square sc_button_style_filled sc_button_size_small\">Descarregar PDF<\/a>[vc_column_text css=&#8221;.vc_custom_1616074557262{padding-top: 20px !important;padding-bottom: 20px !important;}&#8221;]<\/p>\n<h4>Model de manual de seguretat per a curses de muntanya<\/h4>\n<p>[\/vc_column_text]<a href=\"https:\/\/bombersdipcas.es\/wp-content\/uploads\/2022\/05\/Manual-Seguridad-carreras-Montana_-1.pdf\" target=\"_blank\" class=\"sc_button sc_button_square sc_button_style_filled sc_button_size_small\">Descarregar PDF<\/a>[vc_column_text css=&#8221;.vc_custom_1616074614801{padding-top: 20px !important;padding-bottom: 20px !important;}&#8221;]<\/p>\n<h4>Sol\u00b7licitud de serveis preventius per a activitats esportives<\/h4>\n<p>[\/vc_column_text]<a href=\"https:\/\/bombersdipcas.es\/wp-content\/uploads\/2022\/05\/SOLICITUD-ACTIVIDADES-DEPORTIVAS.pdf\" target=\"_blank\" class=\"sc_button sc_button_square sc_button_style_filled sc_button_size_small\">Descarregar PDF<\/a>[vc_column_text css=&#8221;.vc_custom_1616074647143{padding-top: 20px !important;padding-bottom: 20px !important;}&#8221;]<\/p>\n<h4>Sol\u00b7licitud d&#8217;activitats divulgatives del Consorci de Bombers<\/h4>\n<p>[\/vc_column_text]<a href=\"https:\/\/bombersdipcas.es\/wp-content\/uploads\/2022\/05\/actividades-divulgativas.pdf\" target=\"_blank\" class=\"sc_button sc_button_square sc_button_style_filled sc_button_size_small\">Descarregar PDF<\/a>[vc_column_text css=&#8221;.vc_custom_1616074668813{padding-top: 20px !important;padding-bottom: 20px !important;}&#8221;]<\/p>\n<h4>Sol\u00b7licitud serveis Agrupaci\u00f3 de Protecci\u00f3 Civil<\/h4>\n<p>[\/vc_column_text]<a href=\"https:\/\/bombersdipcas.es\/wp-content\/uploads\/2022\/05\/servicios-agrupacion-proteccion-civil-1.pdf\" target=\"_blank\" class=\"sc_button sc_button_square sc_button_style_filled sc_button_size_small\">Descarregar PDF<\/a>[vc_column_text css=&#8221;.vc_custom_1616074785183{padding-top: 20px !important;padding-bottom: 20px !important;}&#8221;]<\/p>\n<h4>Inst\u00e0ncia general<\/h4>\n<p>[\/vc_column_text]<a href=\"https:\/\/bombersdipcas.es\/wp-content\/uploads\/2022\/05\/INSTANCIA-GENERAL-ACTUALIZADA.OK_.pdf\" target=\"_blank\" class=\"sc_button sc_button_square sc_button_style_filled sc_button_size_small\">Descarregar PDF<\/a>[\/vc_column][vc_column width=&#8221;1\/2&#8243;][vc_column_text css=&#8221;.vc_custom_1652353248625{padding-top: 20px !important;padding-bottom: 20px !important;}&#8221;]<\/p>\n<h4>Inst\u00e0ncia General i Relaci\u00f3 de M\u00e8rits<\/h4>\n<p>[\/vc_column_text]<a href=\"https:\/\/bombersdipcas.es\/wp-content\/uploads\/2022\/05\/Instancia-general-y-relacion-de-meritos.pdf\" target=\"_blank\" class=\"sc_button sc_button_square sc_button_style_filled sc_button_size_small\">Descarregar PDF<\/a>[vc_column_text css=&#8221;.vc_custom_1616074691665{padding-top: 20px !important;padding-bottom: 20px !important;}&#8221;]<\/p>\n<h4>Sol\u00b7licitud d&#8217;instal\u00b7laci\u00f3 de detector Fum-Declaraci\u00f3 Responsable<\/h4>\n<p>[\/vc_column_text]<a href=\"https:\/\/bombersdipcas.es\/wp-content\/uploads\/2022\/05\/SOLICITUD-INSTALACION-DETECTR-DE-HUMOS.pdf\" target=\"_blank\" class=\"sc_button sc_button_square sc_button_style_filled sc_button_size_small\">Descarregar PDF<\/a>[vc_column_text css=&#8221;.vc_custom_1616074714828{padding-top: 20px !important;padding-bottom: 20px !important;}&#8221;]<\/p>\n<h4>Sol\u00b7licitud de serveis preventius en actes pirot\u00e8cnics<\/h4>\n<p>[\/vc_column_text]<a href=\"https:\/\/bombersdipcas.es\/wp-content\/uploads\/2022\/05\/SOLICITUD-ACTOS-PIROTECNICOS.pdf\" target=\"_blank\" class=\"sc_button sc_button_square sc_button_style_filled sc_button_size_small\">Descarregar PDF<\/a>[vc_column_text css=&#8221;.vc_custom_1616074738228{padding-top: 20px !important;padding-bottom: 20px !important;}&#8221;]<\/p>\n<h4>Sol\u00b7licitud de modificaci\u00f3 de n\u00famero del compte bancari<\/h4>\n<p>[\/vc_column_text]<a href=\"https:\/\/bombersdipcas.es\/wp-content\/uploads\/2022\/05\/informacion-codigo-bancario.pdf\" target=\"_blank\" class=\"sc_button sc_button_square sc_button_style_filled sc_button_size_small\">Descarregar PDF<\/a>[vc_column_text css=&#8221;.vc_custom_1616074760154{padding-top: 20px !important;padding-bottom: 20px !important;}&#8221;]<\/p>\n<h4>Sol\u00b7licitud d&#8217;informe de certificat d&#8217;assessorament<\/h4>\n<p>[\/vc_column_text]<a href=\"https:\/\/bombersdipcas.es\/wp-content\/uploads\/2022\/05\/SOLICITUD-B-INFORMECERTIFICADOASESORAMIENTO.pdf\" target=\"_blank\" class=\"sc_button sc_button_square sc_button_style_filled sc_button_size_small\">Descarregar PDF<\/a>[vc_column_text css=&#8221;.vc_custom_1748343002838{padding-top: 20px !important;padding-bottom: 20px !important;}&#8221;]<\/p>\n<h4>Sol\u00b7licitud d&#8217;activitats de formaci\u00f3 divulgatives<\/h4>\n<p>[\/vc_column_text]<a href=\"https:\/\/bombersdipcas.es\/wp-content\/uploads\/2025\/05\/Solicitud-actividades-de-formacio\u0301n-divulgativas1.pdf\" target=\"_blank\" class=\"sc_button sc_button_square sc_button_style_filled sc_button_size_small\">Descarregar PDF<\/a>[\/vc_column][\/vc_row]<\/p>\n","protected":false},"excerpt":{"rendered":"<p>[vc_row full_width=&#8221;stretch_row_content_no_spaces&#8221;][vc_column][vc_single_image image=&#8221;2754&#8243; img_size=&#8221;full&#8221; alignment=&#8221;center&#8221;][\/vc_column][\/vc_row][vc_row inverse=&#8221;&#8221; css=&#8221;.vc_custom_1616065015067{margin-top: 50px !important;margin-bottom: 50px !important;}&#8221;][vc_column width=&#8221;1\/2&#8243;][vc_column_text css=&#8221;.vc_custom_1652353106572{padding-top: 20px !important;padding-bottom: 20px !important;}&#8221;] Inst\u00e0ncia Prestacions Socials [\/vc_column_text][vc_column_text css=&#8221;.vc_custom_1616074557262{padding-top: 20px !important;padding-bottom: 20px !important;}&#8221;] Model de manual de [&hellip;]<\/p>\n","protected":false},"author":990002,"featured_media":0,"parent":0,"menu_order":0,"comment_status":"closed","ping_status":"closed","template":"","meta":[],"_links":{"self":[{"href":"https:\/\/bombersdipcas.es\/val\/wp-json\/wp\/v2\/pages\/2899"}],"collection":[{"href":"https:\/\/bombersdipcas.es\/val\/wp-json\/wp\/v2\/pages"}],"about":[{"href":"https:\/\/bombersdipcas.es\/val\/wp-json\/wp\/v2\/types\/page"}],"author":[{"embeddable":true,"href":"https:\/\/bombersdipcas.es\/val\/wp-json\/wp\/v2\/users\/990002"}],"replies":[{"embeddable":true,"href":"https:\/\/bombersdipcas.es\/val\/wp-json\/wp\/v2\/comments?post=2899"}],"version-history":[{"count":10,"href":"https:\/\/bombersdipcas.es\/val\/wp-json\/wp\/v2\/pages\/2899\/revisions"}],"predecessor-version":[{"id":4288,"href":"https:\/\/bombersdipcas.es\/val\/wp-json\/wp\/v2\/pages\/2899\/revisions\/4288"}],"wp:attachment":[{"href":"https:\/\/bombersdipcas.es\/val\/wp-json\/wp\/v2\/media?parent=2899"}],"curies":[{"name":"wp","href":"https:\/\/api.w.org\/{rel}","templated":true}]}}