{"id":2820,"date":"2015-11-25T09:47:57","date_gmt":"2015-11-25T09:47:57","guid":{"rendered":"http:\/\/test.consorciobomberoscastellon.es\/about-us\/"},"modified":"2025-02-13T12:26:00","modified_gmt":"2025-02-13T11:26:00","slug":"historia","status":"publish","type":"page","link":"https:\/\/bombersdipcas.es\/val\/historia\/","title":{"rendered":"Hist\u00f2ria"},"content":{"rendered":"<p>[vc_row full_width=&#8221;stretch_row_content_no_spaces&#8221;][vc_column]<div class=\"sc_section\" style=\"background-position:center;padding: 2.4em 0px 5em 0;background-image:url(https:\/\/bombersdipcas.es\/wp-content\/uploads\/2021\/03\/historiaback2.jpg);background-repeat:no-repeat;background-size:cover;\"><div class=\"sc_section_inner\"><div class=\"sc_section_overlay\" style=\"\"><div class=\"sc_section_content padding_on\" style=\"\"><div class=\"sc_section_content_wrap\"><div class=\"sc_content content_wrap\"><div class=\"sc_section max_width_responsive sc_section_block \" style=\"max-width: 730px;\"><div class=\"sc_section_inner\"><div class=\"sc_section_content_wrap\"><h3 class=\"sc_title sc_title_regular\" style=\"margin-bottom: .56em;\">D\u00e8cades d&#8217;experi\u00e8ncia<\/h3>[vc_column_text]<\/p>\n<p style=\"font-size: 1.37em; line-height: 1.4em;\">L&#8217;evoluci\u00f3 del Departament de Bombers de la Diputaci\u00f3 sempre ha tingut un objectiu: oferir cada dia un millor servei als ciutadans.<\/p>\n<p>[\/vc_column_text]<div class=\"columns_wrap sc_columns columns_nofluid sc_columns_count_2\" style=\"margin-top: 1.66em;max-width: 602px;\"><div class=\"column-1_2 sc_column_item sc_column_item_1 odd first\"><ul class=\"sc_list sc_list_style_ul\"><li class=\"sc_list_item odd first\" title=\"1988. Primer parc. Baix Maestrat (Benicarl\u00f3)\">1988. Primer parc. Baix Maestrat (Benicarl\u00f3)<\/li><li class=\"sc_list_item even\" title=\"1989. Obri Serveis Centrals. El lloc des d&#039;on s&#039;hi coordina tot\">1989. Obri Serveis Centrals. El lloc des d'on s'hi coordina tot<\/li><li class=\"sc_list_item odd\" title=\"1990. Naixen els Bombers Voluntaris al Parc Espad\u00e0-Millars (Onda)\">1990. Naixen els Bombers Voluntaris al Parc Espad\u00e0-Millars (Onda)<\/li><\/ul><\/div><div class=\"column-1_2 sc_column_item sc_column_item_2 even\"><ul class=\"sc_list sc_list_style_ul\"><li class=\"sc_list_item odd first\" title=\"2006. Primera Unitat de Rescat. Hui en dia hi ha 6 Unitats\">2006. Primera Unitat de Rescat. Hui en dia hi ha 6 Unitats<\/li><li class=\"sc_list_item even\" title=\"2016. S&#039;hi arriba als 9 parcs de Bombers i els 12 Parcs Rurals d&#039;Emerg\u00e8ncia\">2016. S'hi arriba als 9 parcs de Bombers i els 12 Parcs Rurals d'Emerg\u00e8ncia<\/li><li class=\"sc_list_item odd\" title=\"2016. 25 instal\u00b7lacions per a una millor resposta\">2016. 25 instal\u00b7lacions per a una millor resposta<\/li><\/ul><\/div><\/div><\/div><\/div><\/div><\/div><\/div><\/div><\/div><\/div><\/div>[\/vc_column][\/vc_row][vc_row disable_element=&#8221;yes&#8221;][vc_column]<div class=\"sc_section margin_top_null margin_bottom_null aligncenter\" style=\"padding: 1.5em 0;\"><div class=\"sc_section_inner\"><div class=\"sc_section_content_wrap\"><div class=\"sc_content content_wrap\"><h2 class=\"sc_title sc_title_regular sc_align_center margin_top_null margin_bottom_tiny\" style=\"text-align:center;font-size:4.5em;\">Total serveis 2023<\/h2><div id=\"sc_skills_diagram_406189432\" class=\"sc_skills sc_skills_pie sc_skills_compact_off margin_top_null\" style=\"min-height: 17em;\" data-type=\"pie\" data-caption=\"Skills\"><div class=\"columns_wrap sc_skills_columns sc_skills_columns_5\"><div class=\"sc_skills_column column-1_5\"><div class=\"sc_skills_item sc_skills_style_1 odd first\"><div class=\"sc_skills_icon none\"><\/div><canvas id=\"sc_skills_canvas_1402854059_canvas\"><\/canvas><div class=\"sc_skills_total\" data-start=\"0\" data-stop=\"32\" data-step=\"1\" data-steps=\"100\" data-max=\"118\" data-speed=\"17\" data-duration=\"544\" data-color=\"#ff0000\" data-bg_color=\"#e8e8e8\" data-border_color=\"#cfc8c4\" data-cutout=\"60\" data-easing=\"easeOutCirc\" data-ed=\"\">0<\/div><\/div><div class=\"sc_skills_info\" style=\"\"><div class=\"sc_skills_label\">Incendis forestals<\/div><\/div><\/div><div class=\"sc_skills_column column-1_5\"><div class=\"sc_skills_item sc_skills_style_1 even\"><div class=\"sc_skills_icon none\"><\/div><canvas id=\"sc_skills_canvas_1292295765_canvas\"><\/canvas><div class=\"sc_skills_total\" data-start=\"0\" data-stop=\"186\" data-step=\"2\" data-steps=\"100\" data-max=\"186\" data-speed=\"13\" data-duration=\"1209\" data-color=\"#ff0000\" data-bg_color=\"#e8e8e8\" data-border_color=\"#cfc8c4\" data-cutout=\"60\" data-easing=\"easeOutCirc\" data-ed=\"\">0<\/div><\/div><div class=\"sc_skills_info\" style=\"\"><div class=\"sc_skills_label\">Incendis industrials<\/div><\/div><\/div><div class=\"sc_skills_column column-1_5\"><div class=\"sc_skills_item sc_skills_style_1 odd\"><div class=\"sc_skills_icon none\"><\/div><canvas id=\"sc_skills_canvas_1325852340_canvas\"><\/canvas><div class=\"sc_skills_total\" data-start=\"0\" data-stop=\"168\" data-step=\"2\" data-steps=\"100\" data-max=\"186\" data-speed=\"36\" data-duration=\"3024\" data-color=\"#ff0000\" data-bg_color=\"#e8e8e8\" data-border_color=\"#cfc8c4\" data-cutout=\"60\" data-easing=\"easeOutCirc\" data-ed=\"\">0<\/div><\/div><div class=\"sc_skills_info\" style=\"\"><div class=\"sc_skills_label\">Incendis habitatge<\/div><\/div><\/div><div class=\"sc_skills_column column-1_5\"><div class=\"sc_skills_item sc_skills_style_1 even\"><div class=\"sc_skills_icon none\"><\/div><canvas id=\"sc_skills_canvas_97244047_canvas\"><\/canvas><div class=\"sc_skills_total\" data-start=\"0\" data-stop=\"97\" data-step=\"2\" data-steps=\"100\" data-max=\"186\" data-speed=\"23\" data-duration=\"1116\" data-color=\"#ff0000\" data-bg_color=\"#e8e8e8\" data-border_color=\"#cfc8c4\" data-cutout=\"60\" data-easing=\"easeOutCirc\" data-ed=\"\">0<\/div><\/div><div class=\"sc_skills_info\" style=\"\"><div class=\"sc_skills_label\">Accidents tr\u00e0nsit<\/div><\/div><\/div><div class=\"sc_skills_column column-1_5\"><div class=\"sc_skills_item sc_skills_style_1 odd\"><div class=\"sc_skills_icon none\"><\/div><canvas id=\"sc_skills_canvas_587680139_canvas\"><\/canvas><div class=\"sc_skills_total\" data-start=\"0\" data-stop=\"2884\" data-step=\"29\" data-steps=\"100\" data-max=\"2884\" data-speed=\"16\" data-duration=\"1591\" data-color=\"#ff0000\" data-bg_color=\"#e8e8e8\" data-border_color=\"#cfc8c4\" data-cutout=\"60\" data-easing=\"easeOutCirc\" data-ed=\"\">0<\/div><\/div><div class=\"sc_skills_info\" style=\"\"><div class=\"sc_skills_label\">Serveis globals<\/div><\/div><\/div><\/div><\/div><\/div><\/div><\/div><\/div>[\/vc_column][\/vc_row][vc_row full_width=&#8221;stretch_row&#8221; css=&#8221;.vc_custom_1654163133454{background-image: url(https:\/\/bombersdipcas.es\/wp-content\/uploads\/2021\/03\/historiaback3.jpg?id=2789) !important;background-position: center !important;background-repeat: no-repeat !important;background-size: cover !important;}&#8221;][vc_column]<h2 class=\"sc_title sc_title_regular sc_align_center\" style=\"margin-top: 1.9em; margin-bottom: .8em;text-align:center;color:#ffffff;\">La nostra filosofia es basa en un servei integral que arribe a tots els racons de la prov\u00edncia.<\/h2><div id=\"sc_testimonials_1759709798\" class=\"sc_testimonials sc_testimonials_style_testimonials-1 inverse-style\" style=\"margin-bottom: 6em;width:100%;\"><div class=\"sc_slider_swiper swiper-slider-container sc_slider_pagination sc_slider_pagination_bottom sc_slider_nocontrols\" data-interval=\"9699\" data-slides-min-width=\"250\"><div class=\"slides swiper-wrapper\"><div class=\"swiper-slide\" data-style=\"width:100%;\" style=\"width:100%;\">\t\t\t<div id=\"sc_testimonials_1759709798_1\" class=\"sc_testimonial_item\">\n\t\t\t\t<div class=\"sc_testimonial_content\"><p>Un Consorci modern i efica\u00e7 amb m\u00e9s de 400 efectius que hi dona servei a m\u00e9s de 400.000 habitants.<\/p>\n<\/div>\n\t\t\t\t\t\t\t\t\t\t\t\t<div class=\"sc_testimonial_author\"><span class=\"sc_testimonial_author_name\">Qui som<\/span><\/div>\n\t\t\t\t\t\t\t<\/div>\n\t\t<\/div><div class=\"swiper-slide\" data-style=\"width:100%;\" style=\"width:100%;\">\t\t\t<div id=\"sc_testimonials_1759709798_2\" class=\"sc_testimonial_item\">\n\t\t\t\t<div class=\"sc_testimonial_content\"><p>La vocaci\u00f3 de servei p\u00fablic guia totes les nostres accions.<\/p>\n<\/div>\n\t\t\t\t\t\t\t\t\t\t\t\t<div class=\"sc_testimonial_author\"><span class=\"sc_testimonial_author_name\">Valors<\/span><\/div>\n\t\t\t\t\t\t\t<\/div>\n\t\t<\/div><div class=\"swiper-slide\" data-style=\"width:100%;\" style=\"width:100%;\">\t\t\t<div id=\"sc_testimonials_1759709798_3\" class=\"sc_testimonial_item\">\n\t\t\t\t<div class=\"sc_testimonial_content\"><p>Des de 1988 estem al costat de la ciutadania de la prov\u00edncia de Castell\u00f3. D\u00e8cades d'experi\u00e8ncia i un servei professional i proper<\/p>\n<p>&nbsp;<\/p>\n<\/div>\n\t\t\t\t\t\t\t\t\t\t\t\t<div class=\"sc_testimonial_author\"><span class=\"sc_testimonial_author_name\">Experi\u00e8ncia i proximitat<\/span><\/div>\n\t\t\t\t\t\t\t<\/div>\n\t\t<\/div><div class=\"swiper-slide\" data-style=\"width:100%;\" style=\"width:100%;\">\t\t\t<div id=\"sc_testimonials_1759709798_4\" class=\"sc_testimonial_item\">\n\t\t\t\t<div class=\"sc_testimonial_content\"><p>La prevenci\u00f3 \u00e9s clau per evitar emerg\u00e8ncies. Realitzem campanyes per als ciutadans i sectors vulnerables com els xiquets i ancians.<span class=\"Apple-converted-space\">\u00a0<\/span><\/p>\n<\/div>\n\t\t\t\t\t\t\t\t\t\t\t\t<div class=\"sc_testimonial_author\"><span class=\"sc_testimonial_author_name\">Prevenci\u00f3 <\/span><\/div>\n\t\t\t\t\t\t\t<\/div>\n\t\t<\/div><div class=\"swiper-slide\" data-style=\"width:100%;\" style=\"width:100%;\">\t\t\t<div id=\"sc_testimonials_1759709798_5\" class=\"sc_testimonial_item\">\n\t\t\t\t<div class=\"sc_testimonial_content\"><p>Gestionem un model integral de servei d'emerg\u00e8ncies. Tenim equips humans i materials especialitzats en els distints riscs.<\/p>\n<\/div>\n\t\t\t\t\t\t\t\t\t\t\t\t<div class=\"sc_testimonial_author\"><span class=\"sc_testimonial_author_name\">Servei integral<\/span><span class=\"sc_testimonial_author_position\"> <\/span><\/div>\n\t\t\t\t\t\t\t<\/div>\n\t\t<\/div><div class=\"swiper-slide\" data-style=\"width:100%;\" style=\"width:100%;\">\t\t\t<div id=\"sc_testimonials_1759709798_6\" class=\"sc_testimonial_item\">\n\t\t\t\t<div class=\"sc_testimonial_content\"><p>Fer de la prov\u00edncia de Castell\u00f3 un lloc preparat per fer front als riscs i emerg\u00e8ncies, protegint els seus ciutadans, els seus b\u00e9ns i el medi ambient.<span class=\"Apple-converted-space\">\u00a0<\/span><\/p>\n<\/div>\n\t\t\t\t\t\t\t\t\t\t\t\t<div class=\"sc_testimonial_author\"><span class=\"sc_testimonial_author_name\">Missi\u00f3<\/span><\/div>\n\t\t\t\t\t\t\t<\/div>\n\t\t<\/div><\/div><div class=\"sc_slider_controls_wrap\"><a class=\"sc_slider_prev\" href=\"#\"><\/a><a class=\"sc_slider_next\" href=\"#\"><\/a><\/div><div class=\"sc_slider_pagination_wrap\"><\/div><\/div><\/div>[\/vc_column][\/vc_row][vc_row full_width=&#8221;stretch_row_content_no_spaces&#8221; css=&#8221;.vc_custom_1615995667313{background-color: #b3091f !important;}&#8221;][vc_column][vc_custom_heading text=&#8221;La teua protecci\u00f3 ens mou&#8221; font_container=&#8221;tag:h2|text_align:center|color:%23ffffff&#8221; use_theme_fonts=&#8221;yes&#8221; css=&#8221;.vc_custom_1615995741998{padding-bottom: 50px !important;}&#8221;][\/vc_column][\/vc_row]<\/p>\n","protected":false},"excerpt":{"rendered":"<p>[vc_row full_width=&#8221;stretch_row_content_no_spaces&#8221;][vc_column][\/vc_column][\/vc_row][vc_row disable_element=&#8221;yes&#8221;][vc_column][\/vc_column][\/vc_row][vc_row full_width=&#8221;stretch_row&#8221; css=&#8221;.vc_custom_1654163133454{background-image: url(https:\/\/bombersdipcas.es\/wp-content\/uploads\/2021\/03\/historiaback3.jpg?id=2789) !important;background-position: center !important;background-repeat: no-repeat !important;background-size: cover !important;}&#8221;][vc_column][\/vc_column][\/vc_row][vc_row full_width=&#8221;stretch_row_content_no_spaces&#8221; css=&#8221;.vc_custom_1615995667313{background-color: #b3091f !important;}&#8221;][vc_column][vc_custom_heading text=&#8221;La teua protecci\u00f3 ens mou&#8221; font_container=&#8221;tag:h2|text_align:center|color:%23ffffff&#8221; use_theme_fonts=&#8221;yes&#8221; css=&#8221;.vc_custom_1615995741998{padding-bottom: 50px !important;}&#8221;][\/vc_column][\/vc_row]<\/p>\n","protected":false},"author":1,"featured_media":0,"parent":0,"menu_order":0,"comment_status":"closed","ping_status":"closed","template":"","meta":[],"_links":{"self":[{"href":"https:\/\/bombersdipcas.es\/val\/wp-json\/wp\/v2\/pages\/2820"}],"collection":[{"href":"https:\/\/bombersdipcas.es\/val\/wp-json\/wp\/v2\/pages"}],"about":[{"href":"https:\/\/bombersdipcas.es\/val\/wp-json\/wp\/v2\/types\/page"}],"author":[{"embeddable":true,"href":"https:\/\/bombersdipcas.es\/val\/wp-json\/wp\/v2\/users\/1"}],"replies":[{"embeddable":true,"href":"https:\/\/bombersdipcas.es\/val\/wp-json\/wp\/v2\/comments?post=2820"}],"version-history":[{"count":14,"href":"https:\/\/bombersdipcas.es\/val\/wp-json\/wp\/v2\/pages\/2820\/revisions"}],"predecessor-version":[{"id":4179,"href":"https:\/\/bombersdipcas.es\/val\/wp-json\/wp\/v2\/pages\/2820\/revisions\/4179"}],"wp:attachment":[{"href":"https:\/\/bombersdipcas.es\/val\/wp-json\/wp\/v2\/media?parent=2820"}],"curies":[{"name":"wp","href":"https:\/\/api.w.org\/{rel}","templated":true}]}}